{"id":21790,"date":"2024-08-27T09:33:38","date_gmt":"2024-08-27T07:33:38","guid":{"rendered":"https:\/\/compassionate-germain.37-27-136-151.plesk.page\/?post_type=product&#038;p=21790"},"modified":"2024-08-27T13:05:17","modified_gmt":"2024-08-27T11:05:17","slug":"venetian-dress-prosecco","status":"publish","type":"product","link":"https:\/\/competent-bose.37-27-136-151.plesk.page\/es\/producto\/venetian-dress-prosecco\/","title":{"rendered":"Venetian Dress Prosecco"},"content":{"rendered":"","protected":false},"excerpt":{"rendered":"<p>Una selezione delle migliori zone collinari, rese per ettaro ridotte e accurate pratiche enologiche sono alla base di questa edizione speciale. Una volta terminata la seconda fermentazione proprio del metodo Charmat il vino viene lasciato a contatto con i lieviti per un totale di 3 mesi. Il risultante bouquet \u00e8 estremamente intenso, supportato da un perlage raffinato, una cuv\u00e9ee che \u00e8 sintesi di armonia, una bottiglia perfetta per festeggiare tutto l\u2019anno, con quel tocco di eleganza che richiama gli abiti del Carnevale di Venezia!<\/p>\n","protected":false},"featured_media":21791,"template":"","meta":{"_acf_changed":false},"product_cat":[89,135,103],"product_tag":[],"class_list":{"0":"post-21790","1":"product","2":"type-product","3":"status-publish","4":"has-post-thumbnail","6":"product_cat-piccini-wines","7":"product_cat-doc-denominazione","8":"product_cat-bollicine","10":"first","11":"instock","12":"shipping-taxable","13":"product-type-external"},"acf":[],"_links":{"self":[{"href":"https:\/\/competent-bose.37-27-136-151.plesk.page\/es\/wp-json\/wp\/v2\/product\/21790","targetHints":{"allow":["GET"]}}],"collection":[{"href":"https:\/\/competent-bose.37-27-136-151.plesk.page\/es\/wp-json\/wp\/v2\/product"}],"about":[{"href":"https:\/\/competent-bose.37-27-136-151.plesk.page\/es\/wp-json\/wp\/v2\/types\/product"}],"wp:featuredmedia":[{"embeddable":true,"href":"https:\/\/competent-bose.37-27-136-151.plesk.page\/es\/wp-json\/wp\/v2\/media\/21791"}],"wp:attachment":[{"href":"https:\/\/competent-bose.37-27-136-151.plesk.page\/es\/wp-json\/wp\/v2\/media?parent=21790"}],"wp:term":[{"taxonomy":"product_cat","embeddable":true,"href":"https:\/\/competent-bose.37-27-136-151.plesk.page\/es\/wp-json\/wp\/v2\/product_cat?post=21790"},{"taxonomy":"product_tag","embeddable":true,"href":"https:\/\/competent-bose.37-27-136-151.plesk.page\/es\/wp-json\/wp\/v2\/product_tag?post=21790"}],"curies":[{"name":"wp","href":"https:\/\/api.w.org\/{rel}","templated":true}]}}